{"id":3110,"date":"2026-02-23T07:44:19","date_gmt":"2026-02-23T07:44:19","guid":{"rendered":"https:\/\/westmann.de-elastic-bhabha.85-214-136-21.plesk.page\/?page_id=3110"},"modified":"2026-02-23T08:35:19","modified_gmt":"2026-02-23T08:35:19","slug":"ersatzteile","status":"publish","type":"page","link":"https:\/\/westmann.de-elastic-bhabha.85-214-136-21.plesk.page\/?page_id=3110","title":{"rendered":"Ersatzteile"},"content":{"rendered":"<h1>Ersatzteile<\/h1>\n<div>Wir bieten g\u00fcnstige Ersatzteile f\u00fcr sehr viele Maschinen der Getr\u00e4nkeindustrie (v.a. Abf\u00fcllanlagen) und des PET-Flaschen-Handlings (z.B. Streckblasmaschinen, Luftf\u00f6rderer, Aufrichter uvm.) an. Die Ersatzteile sind hochwertig wie die Originalteile der Hersteller und passen in die Maschinen, sind aber meist deutlich preisg\u00fcnstiger oder von l\u00e4ngerer Standzeit. Identifiziert werden die Teile meist an den original Teilenummern. Ersatzteile k\u00f6nnen passend zu folgenden Maschinen geliefert werden: H &#038; K\u00ae (Holstein &#038; Kappert\u00ae, KHS\u00ae ) F\u00fcller, Waschmaschinen und Packer Noll\u00ae (SEN\u00ae, KHS\u00ae) F\u00fcller und Mixer O + H\u00ae (Ortmann + Herbst\u00ae, KHS\u00ae) F\u00fcller, Mixer und Waschmaschinen Enzinger\u00ae (KHS\u00ae) Packer Jagenberg\u00ae (Krones\u00ae) Etikettiermaschinen Krones\u00ae F\u00fcller, Waschmaschinen, Etikettiermaschinen und Streck-Blasmaschinen Kettner\u00ae (Krones\u00ae) Packer Seitz\u00ae (SEN\u00ae, KHS\u00ae) F\u00fcller Etitec\u00ae (KHS\u00ae) Etikettiermaschinen Meyer\u00ae F\u00fcller KHS\u00ae (SIG\u00ae, Krupp\u00ae) Corpoplast\u00ae Streck-Blasmaschinen Sidel\u00ae Streck-Blasmaschinen Sidel\u00ae Simonazzi\u00ae F\u00fcller SIPA\u00ae Streck-Blasmaschinen<\/div>\n<hr>\n<h2>Abf\u00fcllanlagen<\/h2>\n<ul>\n<li>\n<p>        <img decoding=\"async\" src=\"\/wp-content\/uploads\/2026\/02\/Kai_ultra-realistic_high-end_industrial_photography_close-up__10954930-42fa-4b20-a3e2-62c84d89bb75_3.png\" alt=\"\"><\/p>\n<\/li>\n<li>\n<p>        <img decoding=\"async\" src=\"\/wp-content\/uploads\/2026\/02\/Kai_ultra-realistic_high-end_commercial_hero_shot_inside_a_st_f3f8eaf5-ced5-4f57-a474-db04210aa104_2.png\" alt=\"\"><\/p>\n<\/li>\n<li>\n<p>        <img decoding=\"async\" src=\"\/wp-content\/uploads\/2026\/02\/westmann_ultra-realistic_high-end_commercial_hero_shot_inside_a_stat_2026-scaled.png\" alt=\"\"><\/p>\n<\/li>\n<\/ul>\n<ul>\n<li>\n<p>        <img decoding=\"async\" src=\"\/wp-content\/uploads\/2026\/02\/Kai_ultra-realistic_high-end_industrial_photography_close-up__10954930-42fa-4b20-a3e2-62c84d89bb75_3.png\" alt=\"\"><\/p>\n<\/li>\n<li>\n<p>        <img decoding=\"async\" src=\"\/wp-content\/uploads\/2026\/02\/Kai_ultra-realistic_high-end_commercial_hero_shot_inside_a_st_f3f8eaf5-ced5-4f57-a474-db04210aa104_2.png\" alt=\"\"><\/p>\n<\/li>\n<li>\n<p>        <img decoding=\"async\" src=\"\/wp-content\/uploads\/2026\/02\/westmann_ultra-realistic_high-end_commercial_hero_shot_inside_a_stat_2026-scaled.png\" alt=\"\"><\/p>\n<\/li>\n<\/ul>\n<h2>Streckblasmaschinen<\/h2>\n<ul>\n<li>\n<p>        <img decoding=\"async\" src=\"\/wp-content\/uploads\/2026\/02\/Kai_ultra-realistic_premium_commercial_hero_shot_of_a_large-s_647ac8e7-2942-4f75-b981-e340b66900ae_1.png\" alt=\"\"><\/p>\n<\/li>\n<li>\n<p>        <img decoding=\"async\" src=\"\/wp-content\/uploads\/2026\/02\/Kai_ultra-realistic_high-end_commercial_hero_shot_inside_a_stat_5492006c-4a45-434c-bb00-3df93a81ea28-scaled.png\" alt=\"\"><\/p>\n<\/li>\n<li>\n<p>        <img decoding=\"async\" src=\"\/wp-content\/uploads\/2026\/02\/Kai_ultra-realistic_high-end_industrial_photography_close-up__10954930-42fa-4b20-a3e2-62c84d89bb75_2.png\" alt=\"\"><\/p>\n<\/li>\n<\/ul>\n<ul>\n<li>\n<p>        <img decoding=\"async\" src=\"\/wp-content\/uploads\/2026\/02\/Kai_ultra-realistic_premium_commercial_hero_shot_of_a_large-s_647ac8e7-2942-4f75-b981-e340b66900ae_1.png\" alt=\"\"><\/p>\n<\/li>\n<li>\n<p>        <img decoding=\"async\" src=\"\/wp-content\/uploads\/2026\/02\/Kai_ultra-realistic_high-end_commercial_hero_shot_inside_a_stat_5492006c-4a45-434c-bb00-3df93a81ea28-scaled.png\" alt=\"\"><\/p>\n<\/li>\n<li>\n<p>        <img decoding=\"async\" src=\"\/wp-content\/uploads\/2026\/02\/Kai_ultra-realistic_high-end_industrial_photography_close-up__10954930-42fa-4b20-a3e2-62c84d89bb75_2.png\" alt=\"\"><\/p>\n<\/li>\n<\/ul>\n<div>Leistungen<\/div>\n<p><!--more--><br \/>\n<!-- {\"type\":\"layout\",\"children\":[{\"type\":\"section\",\"props\":{\"image_position\":\"center-center\",\"padding_bottom\":\"none\",\"padding_top\":\"small\",\"style\":\"default\",\"title_breakpoint\":\"xl\",\"title_position\":\"top-left\",\"title_rotation\":\"left\",\"vertical_align\":\"\",\"width\":\"xlarge\"},\"children\":[{\"type\":\"row\",\"props\":{\"column_gap\":\"small\",\"margin_bottom\":\"small\",\"margin_top\":\"small\",\"row_gap\":\"small\"},\"children\":[{\"type\":\"column\",\"props\":{\"image_position\":\"center-center\",\"position_sticky_breakpoint\":\"m\",\"vertical_align\":\"middle\"},\"children\":[{\"type\":\"breadcrumbs\",\"props\":{\"show_current\":true,\"show_home\":false}}]}]}],\"name\":\"Breadcrumbs\"},{\"type\":\"section\",\"props\":{\"image_position\":\"center-center\",\"style\":\"default\",\"title_breakpoint\":\"xl\",\"title_position\":\"top-left\",\"title_rotation\":\"left\",\"vertical_align\":\"\",\"width\":\"xlarge\"},\"children\":[{\"type\":\"row\",\"props\":{\"column_gap\":\"large\",\"layout\":\"4-5,1-5\",\"row_gap\":\"large\"},\"children\":[{\"type\":\"column\",\"props\":{\"image_position\":\"center-center\",\"position_sticky_breakpoint\":\"m\",\"width_large\":\"4-5\",\"width_medium\":\"3-4\"},\"children\":[{\"type\":\"fragment\",\"props\":{\"margin_bottom\":\"large\",\"margin_top\":\"large\"},\"children\":[{\"type\":\"row\",\"props\":{\"column_gap\":\"large\",\"layout\":\"1-4,3-4\"},\"children\":[{\"type\":\"column\",\"props\":{\"image_position\":\"center-center\",\"position_sticky_breakpoint\":\"m\",\"width_large\":\"1-4\",\"width_medium\":\"1-3\"},\"children\":[{\"type\":\"headline\",\"props\":{\"content\":\"Ersatzteile\",\"css\":\".el-element {\\n    overflow-wrap: break-word;\\n    word-wrap: break-word;\\n    -webkit-hyphens: auto;\\n    -ms-hyphens: auto;\\n    -moz-hyphens: auto;\\n    hyphens: auto;\\n}\\n}\",\"image_align\":\"left\",\"image_margin\":\"xsmall\",\"title_element\":\"h1\"}}]},{\"type\":\"column\",\"props\":{\"image_position\":\"center-center\",\"position_sticky_breakpoint\":\"m\",\"width_large\":\"3-4\",\"width_medium\":\"2-3\"},\"children\":[{\"type\":\"text\",\"props\":{\"column_breakpoint\":\"m\",\"content\":\"Wir bieten g\u00fcnstige Ersatzteile f\u00fcr sehr viele Maschinen der Getr\u00e4nkeindustrie (v.a. Abf\u00fcllanlagen) und des PET-Flaschen-Handlings (z.B. Streckblasmaschinen, Luftf\u00f6rderer, Aufrichter uvm.) an. Die Ersatzteile sind hochwertig wie die Originalteile der Hersteller und passen in die Maschinen, sind aber meist deutlich preisg\u00fcnstiger oder von l\u00e4ngerer Standzeit. Identifiziert werden die Teile meist an den original Teilenummern. Ersatzteile k\u00f6nnen passend zu folgenden Maschinen geliefert werden: H & K\u00ae (Holstein & Kappert\u00ae, KHS\u00ae ) F\u00fcller, Waschmaschinen und Packer Noll\u00ae (SEN\u00ae, KHS\u00ae) F\u00fcller und Mixer O + H\u00ae (Ortmann + Herbst\u00ae, KHS\u00ae) F\u00fcller, Mixer und Waschmaschinen Enzinger\u00ae (KHS\u00ae) Packer Jagenberg\u00ae (Krones\u00ae) Etikettiermaschinen Krones\u00ae F\u00fcller, Waschmaschinen, Etikettiermaschinen und Streck-Blasmaschinen Kettner\u00ae (Krones\u00ae) Packer Seitz\u00ae (SEN\u00ae, KHS\u00ae) F\u00fcller Etitec\u00ae (KHS\u00ae) Etikettiermaschinen Meyer\u00ae F\u00fcller KHS\u00ae (SIG\u00ae, Krupp\u00ae) Corpoplast\u00ae Streck-Blasmaschinen Sidel\u00ae Streck-Blasmaschinen Sidel\u00ae Simonazzi\u00ae F\u00fcller SIPA\u00ae Streck-Blasmaschinen\",\"margin_bottom\":\"default\",\"margin_top\":\"default\",\"maxwidth\":\"2xlarge\",\"text_style\":\"large\"}}]}]}]},{\"type\":\"fragment\",\"props\":{\"margin_bottom\":\"large\",\"margin_top\":\"remove\"},\"children\":[{\"type\":\"row\",\"props\":{\"margin_bottom\":\"remove\",\"margin_top\":\"remove\"},\"children\":[{\"type\":\"column\",\"props\":{\"image_position\":\"center-center\",\"position_sticky_breakpoint\":\"m\"},\"children\":[{\"type\":\"divider\",\"props\":{\"divider_element\":\"hr\"}}]}]},{\"type\":\"row\",\"props\":{\"layout\":\"2-3,1-3\",\"margin_bottom\":\"default\",\"margin_top\":\"default\",\"row_gap\":\"small\"},\"children\":[{\"type\":\"column\",\"props\":{\"image_position\":\"center-center\",\"position_sticky_breakpoint\":\"m\",\"vertical_align\":\"middle\",\"width_default\":\"expand\"},\"children\":[{\"type\":\"headline\",\"props\":{\"content\":\"Abf\u00fcllanlagen\",\"image_align\":\"left\",\"image_margin\":\"xsmall\",\"title_element\":\"h2\",\"title_style\":\"h3\"}}]},{\"type\":\"column\",\"props\":{\"image_position\":\"center-center\",\"position_sticky_breakpoint\":\"m\",\"width_default\":\"auto\"},\"children\":[{\"type\":\"button\",\"props\":{\"grid_column_gap\":\"small\",\"grid_row_gap\":\"small\",\"margin_bottom\":\"default\",\"margin_top\":\"default\",\"status\":\"disabled\",\"text_align\":\"right\",\"text_align_breakpoint\":\"s\"},\"children\":[{\"type\":\"button_item\",\"props\":{\"button_style\":\"default\",\"dialog_layout\":\"modal\",\"dialog_offcanvas_flip\":true,\"icon_align\":\"left\"},\"source\":{\"query\":{\"name\":\"#parent\"}}}]}]}]},{\"type\":\"row\",\"props\":{\"column_gap\":\"large\",\"row_gap\":\"small\"},\"children\":[{\"type\":\"column\",\"props\":{\"image_position\":\"center-center\",\"position_sticky_breakpoint\":\"m\"},\"children\":[{\"type\":\"panel-slider\",\"props\":{\"content_column_breakpoint\":\"m\",\"image_align\":\"top\",\"image_grid_breakpoint\":\"m\",\"image_grid_width\":\"1-2\",\"image_link\":true,\"image_loading\":true,\"image_svg_color\":\"emphasis\",\"image_width\":610,\"link_style\":\"text\",\"link_text\":\"Read More\",\"margin_bottom\":\"remove\",\"margin_top\":\"default\",\"meta_align\":\"below-title\",\"meta_element\":\"div\",\"meta_style\":\"text-meta\",\"nav\":\"\",\"nav_align\":\"center\",\"nav_breakpoint\":\"s\",\"panel_link\":false,\"panel_match\":true,\"show_content\":true,\"show_hover_image\":true,\"show_hover_video\":true,\"show_image\":true,\"show_link\":true,\"show_meta\":true,\"show_title\":true,\"show_video\":true,\"slidenav\":\"top-right\",\"slidenav_breakpoint\":\"\",\"slidenav_hover\":false,\"slidenav_large\":false,\"slidenav_margin\":\"small\",\"slidenav_outside_breakpoint\":\"xl\",\"slider_autoplay\":false,\"slider_autoplay_interval\":\"3\",\"slider_autoplay_pause\":true,\"slider_finite\":false,\"slider_gap\":\"small\",\"slider_width\":\"fixed\",\"slider_width_default\":\"1-1\",\"slider_width_medium\":\"1-3\",\"slider_width_small\":\"3-5\",\"title_align\":\"top\",\"title_element\":\"h3\",\"title_grid_breakpoint\":\"m\",\"title_grid_width\":\"1-2\",\"title_hover_style\":\"heading\",\"title_link\":true,\"title_margin\":\"small\",\"title_style\":\"h4\",\"visibility\":\"s\"},\"children\":[{\"type\":\"panel-slider_item\",\"props\":{\"image\":\"wp-content\/uploads\/2026\/02\/Kai_ultra-realistic_high-end_industrial_photography_close-up__10954930-42fa-4b20-a3e2-62c84d89bb75_3.png\",\"item_element\":\"article\"}},{\"type\":\"panel-slider_item\",\"props\":{\"image\":\"wp-content\/uploads\/2026\/02\/Kai_ultra-realistic_high-end_commercial_hero_shot_inside_a_st_f3f8eaf5-ced5-4f57-a474-db04210aa104_2.png\",\"item_element\":\"article\"}},{\"type\":\"panel-slider_item\",\"props\":{\"image\":\"wp-content\/uploads\/2026\/02\/westmann_ultra-realistic_high-end_commercial_hero_shot_inside_a_stat_2026-scaled.png\",\"item_element\":\"article\"}}]},{\"type\":\"panel-slider\",\"props\":{\"content_column_breakpoint\":\"m\",\"image_align\":\"top\",\"image_grid_breakpoint\":\"m\",\"image_grid_width\":\"1-2\",\"image_loading\":true,\"image_svg_color\":\"emphasis\",\"image_width\":610,\"link_style\":\"text\",\"link_text\":\"Read More\",\"margin_bottom\":\"remove\",\"margin_top\":\"remove\",\"meta_align\":\"below-title\",\"meta_element\":\"div\",\"meta_style\":\"text-meta\",\"nav\":\"\",\"nav_align\":\"center\",\"nav_breakpoint\":\"s\",\"panel_link\":true,\"panel_match\":true,\"show_content\":true,\"show_hover_image\":true,\"show_hover_video\":true,\"show_image\":true,\"show_link\":true,\"show_meta\":true,\"show_title\":true,\"show_video\":true,\"slidenav\":\"top-right\",\"slidenav_breakpoint\":\"\",\"slidenav_hover\":false,\"slidenav_margin\":\"small\",\"slidenav_outside_breakpoint\":\"xl\",\"slider_autoplay\":false,\"slider_autoplay_interval\":\"3\",\"slider_autoplay_pause\":true,\"slider_finite\":false,\"slider_gap\":\"small\",\"slider_width\":\"fixed\",\"slider_width_default\":\"1-1\",\"slider_width_medium\":\"1-3\",\"slider_width_small\":\"3-5\",\"title_align\":\"top\",\"title_element\":\"h3\",\"title_grid_breakpoint\":\"m\",\"title_grid_width\":\"1-2\",\"title_hover_style\":\"reset\",\"title_margin\":\"small\",\"title_style\":\"h4\",\"visibility\":\"hidden-s\"},\"children\":[{\"type\":\"panel-slider_item\",\"props\":{\"image\":\"wp-content\/uploads\/2026\/02\/Kai_ultra-realistic_high-end_industrial_photography_close-up__10954930-42fa-4b20-a3e2-62c84d89bb75_3.png\",\"item_element\":\"article\"}},{\"type\":\"panel-slider_item\",\"props\":{\"image\":\"wp-content\/uploads\/2026\/02\/Kai_ultra-realistic_high-end_commercial_hero_shot_inside_a_st_f3f8eaf5-ced5-4f57-a474-db04210aa104_2.png\",\"item_element\":\"article\"}},{\"type\":\"panel-slider_item\",\"props\":{\"image\":\"wp-content\/uploads\/2026\/02\/westmann_ultra-realistic_high-end_commercial_hero_shot_inside_a_stat_2026-scaled.png\",\"item_element\":\"article\"}}]}]}]},{\"type\":\"row\",\"props\":{\"layout\":\"2-3,1-3\",\"margin_bottom\":\"default\",\"margin_top\":\"default\",\"row_gap\":\"small\"},\"children\":[{\"type\":\"column\",\"props\":{\"image_position\":\"center-center\",\"position_sticky_breakpoint\":\"m\",\"vertical_align\":\"middle\",\"width_default\":\"expand\"},\"children\":[{\"type\":\"headline\",\"props\":{\"content\":\"Streckblasmaschinen\",\"image_align\":\"left\",\"image_margin\":\"xsmall\",\"title_element\":\"h2\",\"title_style\":\"h3\"}}]},{\"type\":\"column\",\"props\":{\"image_position\":\"center-center\",\"position_sticky_breakpoint\":\"m\",\"width_default\":\"auto\"},\"children\":[{\"type\":\"button\",\"props\":{\"grid_column_gap\":\"small\",\"grid_row_gap\":\"small\",\"margin_bottom\":\"default\",\"margin_top\":\"default\",\"status\":\"disabled\",\"text_align\":\"right\",\"text_align_breakpoint\":\"s\"},\"children\":[{\"type\":\"button_item\",\"props\":{\"button_style\":\"default\",\"dialog_layout\":\"modal\",\"dialog_offcanvas_flip\":true,\"icon_align\":\"left\"},\"source\":{\"query\":{\"name\":\"#parent\"}}}]}]}]},{\"type\":\"row\",\"props\":{\"column_gap\":\"large\",\"row_gap\":\"small\"},\"children\":[{\"type\":\"column\",\"props\":{\"image_position\":\"center-center\",\"position_sticky_breakpoint\":\"m\"},\"children\":[{\"type\":\"panel-slider\",\"props\":{\"content_column_breakpoint\":\"m\",\"image_align\":\"top\",\"image_grid_breakpoint\":\"m\",\"image_grid_width\":\"1-2\",\"image_link\":true,\"image_loading\":true,\"image_svg_color\":\"emphasis\",\"image_width\":610,\"link_style\":\"text\",\"link_text\":\"Read More\",\"margin_bottom\":\"remove\",\"margin_top\":\"default\",\"meta_align\":\"below-title\",\"meta_element\":\"div\",\"meta_style\":\"text-meta\",\"nav\":\"\",\"nav_align\":\"center\",\"nav_breakpoint\":\"s\",\"panel_link\":false,\"panel_match\":true,\"show_content\":true,\"show_hover_image\":true,\"show_hover_video\":true,\"show_image\":true,\"show_link\":true,\"show_meta\":true,\"show_title\":true,\"show_video\":true,\"slidenav\":\"top-right\",\"slidenav_breakpoint\":\"\",\"slidenav_hover\":false,\"slidenav_large\":false,\"slidenav_margin\":\"small\",\"slidenav_outside_breakpoint\":\"xl\",\"slider_autoplay\":false,\"slider_autoplay_interval\":\"3\",\"slider_autoplay_pause\":true,\"slider_finite\":false,\"slider_gap\":\"small\",\"slider_width\":\"fixed\",\"slider_width_default\":\"1-1\",\"slider_width_medium\":\"1-3\",\"slider_width_small\":\"3-5\",\"title_align\":\"top\",\"title_element\":\"h3\",\"title_grid_breakpoint\":\"m\",\"title_grid_width\":\"1-2\",\"title_hover_style\":\"heading\",\"title_link\":true,\"title_margin\":\"small\",\"title_style\":\"h4\",\"visibility\":\"s\"},\"children\":[{\"type\":\"panel-slider_item\",\"props\":{\"image\":\"wp-content\/uploads\/2026\/02\/Kai_ultra-realistic_premium_commercial_hero_shot_of_a_large-s_647ac8e7-2942-4f75-b981-e340b66900ae_1.png\",\"item_element\":\"article\"}},{\"type\":\"panel-slider_item\",\"props\":{\"image\":\"wp-content\/uploads\/2026\/02\/Kai_ultra-realistic_high-end_commercial_hero_shot_inside_a_stat_5492006c-4a45-434c-bb00-3df93a81ea28-scaled.png\",\"item_element\":\"article\"}},{\"type\":\"panel-slider_item\",\"props\":{\"image\":\"wp-content\/uploads\/2026\/02\/Kai_ultra-realistic_high-end_industrial_photography_close-up__10954930-42fa-4b20-a3e2-62c84d89bb75_2.png\",\"item_element\":\"article\"}}]},{\"type\":\"panel-slider\",\"props\":{\"content_column_breakpoint\":\"m\",\"image_align\":\"top\",\"image_grid_breakpoint\":\"m\",\"image_grid_width\":\"1-2\",\"image_loading\":true,\"image_svg_color\":\"emphasis\",\"image_width\":610,\"link_style\":\"text\",\"link_text\":\"Read More\",\"margin_bottom\":\"remove\",\"margin_top\":\"remove\",\"meta_align\":\"below-title\",\"meta_element\":\"div\",\"meta_style\":\"text-meta\",\"nav\":\"\",\"nav_align\":\"center\",\"nav_breakpoint\":\"s\",\"panel_link\":true,\"panel_match\":true,\"show_content\":true,\"show_hover_image\":true,\"show_hover_video\":true,\"show_image\":true,\"show_link\":true,\"show_meta\":true,\"show_title\":true,\"show_video\":true,\"slidenav\":\"top-right\",\"slidenav_breakpoint\":\"\",\"slidenav_hover\":false,\"slidenav_margin\":\"small\",\"slidenav_outside_breakpoint\":\"xl\",\"slider_autoplay\":false,\"slider_autoplay_interval\":\"3\",\"slider_autoplay_pause\":true,\"slider_finite\":false,\"slider_gap\":\"small\",\"slider_width\":\"fixed\",\"slider_width_default\":\"1-1\",\"slider_width_medium\":\"1-3\",\"slider_width_small\":\"3-5\",\"title_align\":\"top\",\"title_element\":\"h3\",\"title_grid_breakpoint\":\"m\",\"title_grid_width\":\"1-2\",\"title_hover_style\":\"reset\",\"title_margin\":\"small\",\"title_style\":\"h4\",\"visibility\":\"hidden-s\"},\"children\":[{\"type\":\"panel-slider_item\",\"props\":{\"image\":\"wp-content\/uploads\/2026\/02\/Kai_ultra-realistic_premium_commercial_hero_shot_of_a_large-s_647ac8e7-2942-4f75-b981-e340b66900ae_1.png\",\"item_element\":\"article\"}},{\"type\":\"panel-slider_item\",\"props\":{\"image\":\"wp-content\/uploads\/2026\/02\/Kai_ultra-realistic_high-end_commercial_hero_shot_inside_a_stat_5492006c-4a45-434c-bb00-3df93a81ea28-scaled.png\",\"item_element\":\"article\"}},{\"type\":\"panel-slider_item\",\"props\":{\"image\":\"wp-content\/uploads\/2026\/02\/Kai_ultra-realistic_high-end_industrial_photography_close-up__10954930-42fa-4b20-a3e2-62c84d89bb75_2.png\",\"item_element\":\"article\"}}]}]}]}],\"name\":\"Ersatzteile Categories\"}]},{\"type\":\"column\",\"props\":{\"image_position\":\"center-center\",\"order_first\":\"xs\",\"position_sticky\":\"column\",\"position_sticky_breakpoint\":\"m\",\"position_sticky_offset\":\"100\",\"width_large\":\"1-5\",\"width_medium\":\"1-4\"},\"children\":[{\"type\":\"headline\",\"props\":{\"content\":\"Leistungen\",\"image_align\":\"left\",\"image_margin\":\"xsmall\",\"title_decoration\":\"bullet\",\"title_element\":\"div\",\"title_style\":\"h4\",\"visibility\":\"m\"}},{\"type\":\"menu\",\"props\":{\"image_align\":\"center\",\"menu\":135,\"menu_base_item\":\"1276\",\"show_all_children\":false,\"start_level\":2,\"style\":\"default\",\"visibility\":\"m\"}}]}]}],\"name\":\"Places\"}],\"version\":\"5.0.14\"} --><\/p>\n","protected":false},"excerpt":{"rendered":"<p>Ersatzteile Wir bieten g\u00fcnstige Ersatzteile f\u00fcr sehr viele Maschinen der Getr\u00e4nkeindustrie (v.a. Abf\u00fcllanlagen) und des PET-Flaschen-Handlings (z.B. Streckblasmaschinen, Luftf\u00f6rderer, Aufrichter uvm.) an. Die Ersatzteile sind hochwertig wie die Originalteile der Hersteller und passen in die Maschinen, sind aber meist deutlich preisg\u00fcnstiger oder von l\u00e4ngerer Standzeit. Identifiziert werden die Teile meist an den original Teilenummern. Ersatzteile [&hellip;]<\/p>\n","protected":false},"author":1,"featured_media":0,"parent":0,"menu_order":0,"comment_status":"closed","ping_status":"closed","template":"","meta":{"_acf_changed":false,"footnotes":""},"class_list":["post-3110","page","type-page","status-publish","hentry"],"acf":[],"_links":{"self":[{"href":"https:\/\/westmann.de-elastic-bhabha.85-214-136-21.plesk.page\/index.php?rest_route=\/wp\/v2\/pages\/3110","targetHints":{"allow":["GET"]}}],"collection":[{"href":"https:\/\/westmann.de-elastic-bhabha.85-214-136-21.plesk.page\/index.php?rest_route=\/wp\/v2\/pages"}],"about":[{"href":"https:\/\/westmann.de-elastic-bhabha.85-214-136-21.plesk.page\/index.php?rest_route=\/wp\/v2\/types\/page"}],"author":[{"embeddable":true,"href":"https:\/\/westmann.de-elastic-bhabha.85-214-136-21.plesk.page\/index.php?rest_route=\/wp\/v2\/users\/1"}],"replies":[{"embeddable":true,"href":"https:\/\/westmann.de-elastic-bhabha.85-214-136-21.plesk.page\/index.php?rest_route=%2Fwp%2Fv2%2Fcomments&post=3110"}],"version-history":[{"count":5,"href":"https:\/\/westmann.de-elastic-bhabha.85-214-136-21.plesk.page\/index.php?rest_route=\/wp\/v2\/pages\/3110\/revisions"}],"predecessor-version":[{"id":3115,"href":"https:\/\/westmann.de-elastic-bhabha.85-214-136-21.plesk.page\/index.php?rest_route=\/wp\/v2\/pages\/3110\/revisions\/3115"}],"wp:attachment":[{"href":"https:\/\/westmann.de-elastic-bhabha.85-214-136-21.plesk.page\/index.php?rest_route=%2Fwp%2Fv2%2Fmedia&parent=3110"}],"curies":[{"name":"wp","href":"https:\/\/api.w.org\/{rel}","templated":true}]}}