{"id":3032,"date":"2026-02-19T12:05:50","date_gmt":"2026-02-19T12:05:50","guid":{"rendered":"https:\/\/westmann.de-elastic-bhabha.85-214-136-21.plesk.page\/?page_id=3032"},"modified":"2026-02-21T21:45:15","modified_gmt":"2026-02-21T21:45:15","slug":"maschinen-und-anlagen","status":"publish","type":"page","link":"https:\/\/westmann.de-elastic-bhabha.85-214-136-21.plesk.page\/?page_id=3032","title":{"rendered":"Maschinen und Anlagen"},"content":{"rendered":"<h1>Maschinen und Anlagen<\/h1>\n<div>Wir liefern und vertreiben Maschinen und Anlagen f\u00fcr die Getr\u00e4nkeindustrie und f\u00fcr das PET-Flaschen-Handling. Dazu geh\u00f6ren Komplettanlagen f\u00fcr die Getr\u00e4nke- und Fl\u00fcssiglebensmittelindustrie, von der Getr\u00e4nkewasseraufbereitung \u00fcber die Getr\u00e4nkeherstellung und -verpackung bis zur Abwasseraufbereitung. Selbstverst\u00e4ndlich vertreiben wir nicht nur Komplettanlagen und Abf\u00fcll-Linien, sondern auch einzelne Maschinen. Weltweite Referenzen unterstreichen die Qualit\u00e4t unserer Anlagen. Im Bereich PET-Flaschen-Handling umfasst unser Angebot Luftf\u00f6rderer, Flaschensilos, Flaschenaufrichter, Ausrichter, Vakuumf\u00f6rderer, Massengutf\u00f6rderer, PET Leerflaschenpalettierer. Dazu kommt das entsprechende Know How f\u00fcr das Handling von PET Leerflaschen sowie Komplettanlagen f\u00fcr das mechanische F\u00f6rdern von Glasflaschen und gef\u00fcllten PET Flaschen. Gerade im Bereich PET haben wir in Deutschland eine Vielzahl von Referenzen, angefangen von Miniaturflaschen-Aufrichter und Luftf\u00f6rderer bis hin zu Hochleistungsanlagen mit optimierter Wirtschaftlichkeit mit ausgefeilter Akkumulation und Pufferung.<\/div>\n<hr>\n<ul>\n<li>\n<p>        <img decoding=\"async\" src=\"\/wp-content\/uploads\/2026\/02\/Unscambler.jpg\" alt=\"\"><\/p>\n<\/li>\n<li>\n<p>        <img decoding=\"async\" src=\"\/wp-content\/uploads\/2026\/02\/Air-conveyor.jpg\" alt=\"\"><\/p>\n<\/li>\n<\/ul>\n<p><p>\n        Read More    <\/p>\n<\/p>\n<hr>\n<div>\n<\/div>\n<div>\n<\/div>\n<div>Leistungen<\/div>\n<p><!--more--><br \/>\n<!-- {\"type\":\"layout\",\"children\":[{\"type\":\"section\",\"props\":{\"image_position\":\"center-center\",\"padding_bottom\":\"none\",\"padding_top\":\"small\",\"style\":\"default\",\"title_breakpoint\":\"xl\",\"title_position\":\"top-left\",\"title_rotation\":\"left\",\"vertical_align\":\"\",\"width\":\"xlarge\"},\"children\":[{\"type\":\"row\",\"props\":{\"column_gap\":\"small\",\"margin_bottom\":\"small\",\"margin_top\":\"small\",\"row_gap\":\"small\"},\"children\":[{\"type\":\"column\",\"props\":{\"image_position\":\"center-center\",\"position_sticky_breakpoint\":\"m\",\"vertical_align\":\"middle\"},\"children\":[{\"type\":\"breadcrumbs\",\"props\":{\"home_text\":\"Leistungen\",\"show_current\":true,\"show_home\":false}}]}]}],\"name\":\"Breadcrumbs\"},{\"type\":\"section\",\"props\":{\"image_position\":\"center-center\",\"style\":\"default\",\"title_breakpoint\":\"xl\",\"title_position\":\"top-left\",\"title_rotation\":\"left\",\"vertical_align\":\"\",\"width\":\"xlarge\"},\"children\":[{\"type\":\"row\",\"props\":{\"column_gap\":\"large\",\"layout\":\"4-5,1-5\",\"row_gap\":\"large\"},\"children\":[{\"type\":\"column\",\"props\":{\"image_position\":\"center-center\",\"position_sticky_breakpoint\":\"m\",\"width_large\":\"4-5\",\"width_medium\":\"3-4\"},\"children\":[{\"type\":\"fragment\",\"props\":{\"margin_bottom\":\"large\",\"margin_top\":\"large\"},\"children\":[{\"type\":\"row\",\"props\":{\"column_gap\":\"large\",\"layout\":\"1-4,3-4\"},\"children\":[{\"type\":\"column\",\"props\":{\"image_position\":\"center-center\",\"position_sticky_breakpoint\":\"m\",\"width_large\":\"1-4\",\"width_medium\":\"1-3\"},\"children\":[{\"type\":\"headline\",\"props\":{\"content\":\"Maschinen und Anlagen\",\"css\":\".el-element {\\n    overflow-wrap: break-word;\\n    word-wrap: break-word;\\n    -webkit-hyphens: auto;\\n    -ms-hyphens: auto;\\n    -moz-hyphens: auto;\\n    hyphens: auto;\\n}\\n}\",\"image_align\":\"left\",\"image_margin\":\"xsmall\",\"title_element\":\"h1\"}}]},{\"type\":\"column\",\"props\":{\"image_position\":\"center-center\",\"position_sticky_breakpoint\":\"m\",\"width_large\":\"3-4\",\"width_medium\":\"2-3\"},\"children\":[{\"type\":\"text\",\"props\":{\"column_breakpoint\":\"m\",\"content\":\"Wir liefern und vertreiben Maschinen und Anlagen f\u00fcr die Getr\u00e4nkeindustrie und f\u00fcr das PET-Flaschen-Handling. Dazu geh\u00f6ren Komplettanlagen f\u00fcr die Getr\u00e4nke- und Fl\u00fcssiglebensmittelindustrie, von der Getr\u00e4nkewasseraufbereitung \u00fcber die Getr\u00e4nkeherstellung und -verpackung bis zur Abwasseraufbereitung. Selbstverst\u00e4ndlich vertreiben wir nicht nur Komplettanlagen und Abf\u00fcll-Linien, sondern auch einzelne Maschinen. Weltweite Referenzen unterstreichen die Qualit\u00e4t unserer Anlagen. Im Bereich PET-Flaschen-Handling umfasst unser Angebot Luftf\u00f6rderer, Flaschensilos, Flaschenaufrichter, Ausrichter, Vakuumf\u00f6rderer, Massengutf\u00f6rderer, PET Leerflaschenpalettierer. Dazu kommt das entsprechende Know How f\u00fcr das Handling von PET Leerflaschen sowie Komplettanlagen f\u00fcr das mechanische F\u00f6rdern von Glasflaschen und gef\u00fcllten PET Flaschen. Gerade im Bereich PET haben wir in Deutschland eine Vielzahl von Referenzen, angefangen von Miniaturflaschen-Aufrichter und Luftf\u00f6rderer bis hin zu Hochleistungsanlagen mit optimierter Wirtschaftlichkeit mit ausgefeilter Akkumulation und Pufferung.\",\"margin_bottom\":\"default\",\"margin_top\":\"default\",\"maxwidth\":\"2xlarge\",\"text_style\":\"large\"}}]}]}]},{\"type\":\"fragment\",\"props\":{\"html_element\":\"article\",\"margin_bottom\":\"large\",\"margin_top\":\"remove\"},\"children\":[{\"type\":\"row\",\"children\":[{\"type\":\"column\",\"props\":{\"image_position\":\"center-center\",\"position_sticky_breakpoint\":\"m\"},\"children\":[{\"type\":\"divider\",\"props\":{\"divider_element\":\"hr\"}}]}]},{\"type\":\"row\",\"props\":{\"column_gap\":\"large\",\"layout\":\"1-4,3-4\",\"margin_bottom\":\"default\",\"margin_top\":\"default\",\"row_gap\":\"small\"},\"children\":[{\"type\":\"column\",\"props\":{\"image_position\":\"center-center\",\"order_first\":\"m\",\"position_sticky_breakpoint\":\"m\",\"width_large\":\"1-4\",\"width_medium\":\"1-3\"},\"children\":[{\"type\":\"headline\",\"props\":{\"image_align\":\"left\",\"image_margin\":\"xsmall\",\"link_style\":true,\"margin_bottom\":\"remove\",\"margin_top\":\"remove\",\"status\":\"disabled\",\"title_element\":\"h2\",\"title_style\":\"h3\"},\"source\":{\"query\":{\"name\":\"#parent\"},\"props\":{\"content\":{\"filters\":{\"search\":\"\"},\"name\":\"title\"},\"link\":{\"name\":\"link\"}}}},{\"type\":\"text\",\"props\":{\"column_breakpoint\":\"m\",\"margin_bottom\":\"remove\",\"margin_top\":\"small\",\"maxwidth\":\"large\",\"status\":\"disabled\"},\"source\":{\"query\":{\"name\":\"#parent\"},\"props\":{\"content\":{\"filters\":{\"search\":\"\",\"limit\":90},\"arguments\":{\"show_excerpt\":false,\"show_content\":true},\"name\":\"teaser\"}}}},{\"type\":\"button\",\"props\":{\"grid_column_gap\":\"small\",\"grid_row_gap\":\"small\",\"margin_bottom\":\"medium\",\"margin_top\":\"medium\",\"status\":\"disabled\",\"visibility\":\"m\"},\"children\":[{\"type\":\"button_item\",\"props\":{\"button_style\":\"primary\",\"content\":\"Read More\",\"dialog_layout\":\"modal\",\"dialog_offcanvas_flip\":true,\"icon_align\":\"left\"},\"source\":{\"query\":{\"name\":\"#parent\"},\"props\":{\"link\":{\"filters\":{\"search\":\"\"},\"name\":\"link\"}}}}]}]},{\"type\":\"column\",\"props\":{\"image_position\":\"center-center\",\"order_first\":\"xs\",\"position_sticky_breakpoint\":\"m\",\"width_large\":\"3-4\",\"width_medium\":\"2-3\"},\"children\":[{\"type\":\"grid\",\"props\":{\"content_column_breakpoint\":\"m\",\"filter_align\":\"left\",\"filter_all\":true,\"filter_grid_breakpoint\":\"m\",\"filter_grid_width\":\"auto\",\"filter_position\":\"top\",\"filter_style\":\"tab\",\"grid_default\":\"1\",\"grid_medium\":\"2\",\"image_align\":\"top\",\"image_grid_breakpoint\":\"m\",\"image_grid_width\":\"1-2\",\"image_svg_color\":\"emphasis\",\"item_animation\":true,\"lightbox_bg_close\":true,\"link_style\":\"default\",\"link_text\":\"Read more\",\"margin_bottom\":\"default\",\"margin_top\":\"default\",\"meta_align\":\"below-title\",\"meta_element\":\"div\",\"meta_style\":\"text-meta\",\"show_content\":true,\"show_hover_image\":true,\"show_hover_video\":true,\"show_image\":true,\"show_link\":true,\"show_meta\":true,\"show_title\":true,\"show_video\":true,\"title_align\":\"top\",\"title_element\":\"h3\",\"title_grid_breakpoint\":\"m\",\"title_grid_width\":\"1-2\",\"title_hover_style\":\"reset\"},\"children\":[{\"type\":\"grid_item\",\"props\":{\"image\":\"wp-content\/uploads\/2026\/02\/Unscambler.jpg\"}},{\"type\":\"grid_item\",\"props\":{\"image\":\"wp-content\/uploads\/2026\/02\/Air-conveyor.jpg\"}}]}]}]},{\"type\":\"row\",\"props\":{\"column_gap\":\"large\",\"layout\":\"1-3,1-3,1-3\",\"row_gap\":\"small\",\"status\":\"disabled\"},\"children\":[{\"type\":\"column\",\"props\":{\"image_position\":\"center-center\",\"position_sticky_breakpoint\":\"m\",\"width_large\":\"1-4\",\"width_medium\":\"1-3\"}},{\"type\":\"column\",\"props\":{\"image_position\":\"center-center\",\"position_sticky_breakpoint\":\"m\",\"width_small\":\"1-3\"},\"children\":[{\"type\":\"text\",\"props\":{\"column_breakpoint\":\"m\",\"margin_bottom\":\"remove\",\"margin_top\":\"remove\"},\"source\":{\"query\":{\"name\":\"#parent\"},\"props\":{\"content\":{\"name\":\"field.place_authority_street\"}}}},{\"type\":\"list\",\"props\":{\"column_breakpoint\":\"m\",\"image_align\":\"left\",\"image_svg_color\":\"emphasis\",\"image_vertical_align\":true,\"list_element\":\"ul\",\"list_horizontal_separator\":\" \",\"list_type\":\"horizontal\",\"margin_bottom\":\"remove\",\"margin_top\":\"remove\",\"show_image\":true,\"show_link\":true},\"children\":[{\"type\":\"list_item\",\"source\":{\"query\":{\"name\":\"#parent\"},\"props\":{\"content\":{\"name\":\"field.place_authority_zip_code\"}}}},{\"type\":\"list_item\",\"source\":{\"query\":{\"name\":\"#parent\"},\"props\":{\"content\":{\"name\":\"field.place_authority_city\"}}}}]},{\"type\":\"button\",\"props\":{\"grid_column_gap\":\"small\",\"grid_row_gap\":\"small\",\"margin_bottom\":\"small\",\"margin_top\":\"small\"},\"children\":[{\"type\":\"button_item\",\"props\":{\"button_style\":\"text\",\"content\":\"OpenStreetMap\",\"dialog_layout\":\"modal\",\"dialog_offcanvas_flip\":true,\"icon\":\"\",\"icon_align\":\"left\"},\"source\":{\"query\":{\"name\":\"#parent\"},\"props\":{\"link\":{\"name\":\"field.place_authority_location_link\"}}}}]}]},{\"type\":\"column\",\"props\":{\"image_position\":\"center-center\",\"position_sticky_breakpoint\":\"m\",\"width_default\":\"expand\"},\"children\":[{\"type\":\"description_list\",\"props\":{\"column_breakpoint\":\"m\",\"css\":\".el-content { \\n    white-space: nowrap;\\n   \\toverflow: hidden;\\n    width: 100%;\\n   \\ttext-overflow: ellipsis;\\n}\",\"layout\":\"grid-2\",\"list_element\":\"ul\",\"list_size\":\"collapse\",\"meta_align\":\"below-content\",\"meta_style\":\"text-meta\",\"show_content\":true,\"show_link\":true,\"show_meta\":true,\"show_title\":true,\"title_colon\":true,\"title_element\":\"div\",\"title_grid_column_gap\":\"small\",\"title_grid_row_gap\":\"small\",\"title_grid_width\":\"auto\",\"title_style\":\"h5\"},\"children\":[{\"type\":\"description_list_item\",\"props\":{\"title\":\"E-Mail\"},\"source\":{\"query\":{\"name\":\"#parent\"},\"props\":{\"link\":{\"name\":\"field.place_authority_e_mail\",\"filters\":{\"before\":\"mailto:\"}},\"content\":{\"name\":\"field.place_authority_e_mail\"}}}},{\"type\":\"description_list_item\",\"props\":{\"title\":\"Phone\"},\"source\":{\"query\":{\"name\":\"#parent\"},\"props\":{\"content\":{\"name\":\"field.place_authority_phone\"},\"link\":{\"name\":\"field.place_authority_phone\",\"filters\":{\"before\":\"tel:\",\"search\":\" \"}}}}},{\"type\":\"description_list_item\",\"props\":{\"link_target\":true,\"title\":\"Website\"},\"source\":{\"query\":{\"name\":\"#parent\"},\"props\":{\"content\":{\"name\":\"field.place_authority_website\",\"filters\":{\"search\":\"\/https?:\\\\\/\\\\\/(www\\\\.)?\/\"}},\"link\":{\"name\":\"field.place_authority_website\"}}}}],\"source\":{\"query\":{\"name\":\"#parent\"}}}]}]},{\"type\":\"row\",\"children\":[{\"type\":\"column\",\"props\":{\"image_position\":\"center-center\",\"position_sticky_breakpoint\":\"m\"},\"children\":[{\"type\":\"button\",\"props\":{\"grid_column_gap\":\"small\",\"grid_row_gap\":\"small\",\"margin_bottom\":\"medium\",\"margin_top\":\"medium\",\"visibility\":\"hidden-m\"},\"children\":[{\"type\":\"button_item\",\"props\":{\"button_style\":\"primary\",\"content\":\"Read More\",\"dialog_layout\":\"modal\",\"dialog_offcanvas_flip\":true,\"icon_align\":\"left\"},\"source\":{\"query\":{\"name\":\"#parent\"},\"props\":{\"link\":{\"filters\":{\"search\":\"\"},\"name\":\"link\"}}}}]}]}]}],\"name\":\"Articles\"},{\"type\":\"fragment\",\"props\":{\"margin_bottom\":\"large\",\"margin_top\":\"remove\"},\"children\":[{\"type\":\"row\",\"props\":{\"margin_bottom\":\"remove\",\"margin_top\":\"remove\"},\"children\":[{\"type\":\"column\",\"props\":{\"image_position\":\"center-center\",\"position_sticky_breakpoint\":\"m\"},\"children\":[{\"type\":\"divider\",\"props\":{\"divider_element\":\"hr\"}}]}]},{\"type\":\"row\",\"props\":{\"layout\":\"2-3,1-3\",\"margin_bottom\":\"default\",\"margin_top\":\"default\",\"row_gap\":\"small\"},\"children\":[{\"type\":\"column\",\"props\":{\"image_position\":\"center-center\",\"position_sticky_breakpoint\":\"m\",\"vertical_align\":\"middle\",\"width_default\":\"expand\"},\"children\":[{\"type\":\"headline\",\"props\":{\"image_align\":\"left\",\"image_margin\":\"xsmall\",\"title_element\":\"h2\",\"title_style\":\"h3\"},\"source\":{\"query\":{\"name\":\"#parent\"},\"props\":{\"content\":{\"filters\":{\"search\":\"\"},\"name\":\"name\"},\"link\":{\"filters\":{\"search\":\"\"},\"name\":\"link\"}}}}]},{\"type\":\"column\",\"props\":{\"image_position\":\"center-center\",\"position_sticky_breakpoint\":\"m\",\"width_default\":\"auto\"},\"children\":[{\"type\":\"button\",\"props\":{\"grid_column_gap\":\"small\",\"grid_row_gap\":\"small\",\"margin_bottom\":\"default\",\"margin_top\":\"default\",\"text_align\":\"right\",\"text_align_breakpoint\":\"s\"},\"children\":[{\"type\":\"button_item\",\"props\":{\"button_style\":\"default\",\"dialog_layout\":\"modal\",\"dialog_offcanvas_flip\":true,\"icon_align\":\"left\"},\"source\":{\"query\":{\"name\":\"#parent\"},\"props\":{\"link\":{\"filters\":{\"search\":\"\"},\"name\":\"link\"},\"content\":{\"filters\":{\"search\":\"\",\"before\":\"See All Items (\",\"after\":\")\"},\"name\":\"count\"}}}}]}]}]},{\"type\":\"row\",\"props\":{\"column_gap\":\"large\",\"row_gap\":\"small\"},\"children\":[{\"type\":\"column\",\"props\":{\"image_position\":\"center-center\",\"position_sticky_breakpoint\":\"m\"},\"children\":[{\"type\":\"panel-slider\",\"props\":{\"content_column_breakpoint\":\"m\",\"image_align\":\"top\",\"image_grid_breakpoint\":\"m\",\"image_grid_width\":\"1-2\",\"image_link\":true,\"image_loading\":true,\"image_svg_color\":\"emphasis\",\"image_width\":610,\"link_style\":\"text\",\"link_text\":\"Read More\",\"margin_bottom\":\"remove\",\"margin_top\":\"default\",\"meta_align\":\"below-title\",\"meta_element\":\"div\",\"meta_style\":\"text-meta\",\"nav\":\"\",\"nav_align\":\"center\",\"nav_breakpoint\":\"s\",\"panel_link\":false,\"panel_match\":true,\"show_content\":true,\"show_hover_image\":true,\"show_hover_video\":true,\"show_image\":true,\"show_link\":true,\"show_meta\":true,\"show_title\":true,\"show_video\":true,\"slidenav\":\"top-right\",\"slidenav_breakpoint\":\"\",\"slidenav_hover\":false,\"slidenav_large\":false,\"slidenav_margin\":\"small\",\"slidenav_outside_breakpoint\":\"xl\",\"slider_autoplay\":false,\"slider_autoplay_interval\":\"3\",\"slider_autoplay_pause\":true,\"slider_finite\":false,\"slider_gap\":\"small\",\"slider_width\":\"fixed\",\"slider_width_default\":\"1-1\",\"slider_width_medium\":\"1-3\",\"slider_width_small\":\"3-5\",\"title_align\":\"top\",\"title_element\":\"h3\",\"title_grid_breakpoint\":\"m\",\"title_grid_width\":\"1-2\",\"title_hover_style\":\"heading\",\"title_link\":true,\"title_margin\":\"small\",\"title_style\":\"h4\",\"visibility\":\"s\"},\"children\":[{\"type\":\"panel-slider_item\",\"source\":{\"query\":{\"name\":\"#parent\",\"field\":{\"name\":\"places\",\"arguments\":{\"offset\":0,\"limit\":30,\"order\":\"date\",\"order_direction\":\"DESC\",\"include_children\":false,\"date_range\":\"relative\",\"date_relative\":\"next\",\"date_relative_unit\":\"day\",\"date_relative_unit_this\":\"day\"}}},\"props\":{\"title\":{\"filters\":{\"search\":\"\"},\"name\":\"title\"},\"image\":{\"filters\":{\"search\":\"\"},\"name\":\"field.intro_image.url\"},\"image_alt\":{\"filters\":{\"search\":\"\"},\"name\":\"field.intro_image.alt\"},\"link\":{\"filters\":{\"search\":\"\"},\"name\":\"link\"}}},\"props\":{\"item_element\":\"article\"}}]},{\"type\":\"panel-slider\",\"props\":{\"content_column_breakpoint\":\"m\",\"image_align\":\"top\",\"image_grid_breakpoint\":\"m\",\"image_grid_width\":\"1-2\",\"image_loading\":true,\"image_svg_color\":\"emphasis\",\"image_width\":610,\"link_style\":\"text\",\"link_text\":\"Read More\",\"margin_bottom\":\"remove\",\"margin_top\":\"remove\",\"meta_align\":\"below-title\",\"meta_element\":\"div\",\"meta_style\":\"text-meta\",\"nav\":\"\",\"nav_align\":\"center\",\"nav_breakpoint\":\"s\",\"panel_link\":true,\"panel_match\":true,\"show_content\":true,\"show_hover_image\":true,\"show_hover_video\":true,\"show_image\":true,\"show_link\":true,\"show_meta\":true,\"show_title\":true,\"show_video\":true,\"slidenav\":\"top-right\",\"slidenav_breakpoint\":\"\",\"slidenav_hover\":false,\"slidenav_margin\":\"small\",\"slidenav_outside_breakpoint\":\"xl\",\"slider_autoplay\":false,\"slider_autoplay_interval\":\"3\",\"slider_autoplay_pause\":true,\"slider_finite\":false,\"slider_gap\":\"small\",\"slider_width\":\"fixed\",\"slider_width_default\":\"1-1\",\"slider_width_medium\":\"1-3\",\"slider_width_small\":\"3-5\",\"title_align\":\"top\",\"title_element\":\"h3\",\"title_grid_breakpoint\":\"m\",\"title_grid_width\":\"1-2\",\"title_hover_style\":\"reset\",\"title_margin\":\"small\",\"title_style\":\"h4\",\"visibility\":\"hidden-s\"},\"children\":[{\"type\":\"panel-slider_item\",\"source\":{\"query\":{\"name\":\"#parent\",\"field\":{\"name\":\"places\",\"arguments\":{\"offset\":0,\"limit\":30,\"order\":\"date\",\"order_direction\":\"DESC\",\"include_children\":false}}},\"props\":{\"title\":{\"filters\":{\"search\":\"\"},\"name\":\"title\"},\"image\":{\"filters\":{\"search\":\"\"},\"name\":\"field.intro_image.url\"},\"image_alt\":{\"filters\":{\"search\":\"\"},\"name\":\"field.intro_image.alt\"},\"link\":{\"filters\":{\"search\":\"\"},\"name\":\"link\"}}},\"props\":{\"item_element\":\"article\"}}]}]}]}],\"source\":{\"query\":{\"name\":\"placeCats.taxonomyPlaceCat\",\"field\":{\"name\":\"children\",\"directives\":[{\"name\":\"slice\",\"arguments\":{\"offset\":0}}]}},\"props\":{\"_condition\":{\"filters\":{\"condition\":\"!!\"},\"name\":\"count\"}}},\"name\":\"Child Categories\"}]},{\"type\":\"column\",\"props\":{\"image_position\":\"center-center\",\"order_first\":\"xs\",\"position_sticky\":\"column\",\"position_sticky_breakpoint\":\"m\",\"position_sticky_offset\":\"100\",\"width_large\":\"1-5\",\"width_medium\":\"1-4\"},\"children\":[{\"type\":\"headline\",\"props\":{\"content\":\"Leistungen\",\"image_align\":\"left\",\"image_margin\":\"xsmall\",\"title_decoration\":\"bullet\",\"title_element\":\"div\",\"title_style\":\"h4\",\"visibility\":\"m\"}},{\"type\":\"menu\",\"props\":{\"image_align\":\"center\",\"menu\":135,\"menu_base_item\":\"1276\",\"show_all_children\":false,\"start_level\":2,\"style\":\"default\",\"visibility\":\"m\"}}]}]}],\"name\":\"Maschinen und ANlagen\"}],\"version\":\"5.0.14\"} --><\/p>\n","protected":false},"excerpt":{"rendered":"<p>Maschinen und Anlagen Wir liefern und vertreiben Maschinen und Anlagen f\u00fcr die Getr\u00e4nkeindustrie und f\u00fcr das PET-Flaschen-Handling. Dazu geh\u00f6ren Komplettanlagen f\u00fcr die Getr\u00e4nke- und Fl\u00fcssiglebensmittelindustrie, von der Getr\u00e4nkewasseraufbereitung \u00fcber die Getr\u00e4nkeherstellung und -verpackung bis zur Abwasseraufbereitung. Selbstverst\u00e4ndlich vertreiben wir nicht nur Komplettanlagen und Abf\u00fcll-Linien, sondern auch einzelne Maschinen. Weltweite Referenzen unterstreichen die Qualit\u00e4t unserer Anlagen. [&hellip;]<\/p>\n","protected":false},"author":1,"featured_media":0,"parent":0,"menu_order":0,"comment_status":"closed","ping_status":"closed","template":"","meta":{"_acf_changed":false,"footnotes":""},"class_list":["post-3032","page","type-page","status-publish","hentry"],"acf":[],"_links":{"self":[{"href":"https:\/\/westmann.de-elastic-bhabha.85-214-136-21.plesk.page\/index.php?rest_route=\/wp\/v2\/pages\/3032","targetHints":{"allow":["GET"]}}],"collection":[{"href":"https:\/\/westmann.de-elastic-bhabha.85-214-136-21.plesk.page\/index.php?rest_route=\/wp\/v2\/pages"}],"about":[{"href":"https:\/\/westmann.de-elastic-bhabha.85-214-136-21.plesk.page\/index.php?rest_route=\/wp\/v2\/types\/page"}],"author":[{"embeddable":true,"href":"https:\/\/westmann.de-elastic-bhabha.85-214-136-21.plesk.page\/index.php?rest_route=\/wp\/v2\/users\/1"}],"replies":[{"embeddable":true,"href":"https:\/\/westmann.de-elastic-bhabha.85-214-136-21.plesk.page\/index.php?rest_route=%2Fwp%2Fv2%2Fcomments&post=3032"}],"version-history":[{"count":11,"href":"https:\/\/westmann.de-elastic-bhabha.85-214-136-21.plesk.page\/index.php?rest_route=\/wp\/v2\/pages\/3032\/revisions"}],"predecessor-version":[{"id":3104,"href":"https:\/\/westmann.de-elastic-bhabha.85-214-136-21.plesk.page\/index.php?rest_route=\/wp\/v2\/pages\/3032\/revisions\/3104"}],"wp:attachment":[{"href":"https:\/\/westmann.de-elastic-bhabha.85-214-136-21.plesk.page\/index.php?rest_route=%2Fwp%2Fv2%2Fmedia&parent=3032"}],"curies":[{"name":"wp","href":"https:\/\/api.w.org\/{rel}","templated":true}]}}