{"id":262,"date":"2022-08-02T15:35:48","date_gmt":"2022-08-02T15:35:48","guid":{"rendered":"https:\/\/westmann.de-elastic-bhabha.85-214-136-21.plesk.page\/?page_id=262"},"modified":"2026-02-21T17:15:18","modified_gmt":"2026-02-21T17:15:18","slug":"imprint","status":"publish","type":"page","link":"https:\/\/westmann.de-elastic-bhabha.85-214-136-21.plesk.page\/?page_id=262","title":{"rendered":"Imprint"},"content":{"rendered":"<h1>Impressum<\/h1>\n<div>\n<p>westmann Engineering GmbH<br \/>Carl-Backhaus-Str. 21b<br \/>D-22926 Ahrensburg<br \/>Germany<\/p>\n<\/div>\n<ul>\n<li>\n<h3>Telefon<\/h3>\n<p><a href=\"tel:++494102891010\"><\/p>\n<p><span>+49 (0) 4102 &#8211; 89101 &#8211; 0<\/span><\/p>\n<p><\/a><\/p>\n<\/li>\n<li>\n<h3>Fax<\/h3>\n<p><a href=\"tel:+4941028910199\"><\/p>\n<p><span>+49 (0) 4102 &#8211; 89101 &#8211; 99<\/span><\/p>\n<p><\/a><\/p>\n<\/li>\n<li>\n<h3>E-Mail<\/h3>\n<p><a href=\"mailto:sales@westmann.de\"><\/p>\n<p>sales(AT)westmann.de<\/p>\n<p><\/a><\/p>\n<\/li>\n<\/ul>\n<h2>Vertreten durch<\/h2>\n<div>\n<p>Gesch\u00e4ftsf\u00fchrer: Knut M. Westmann, Andreas Bott<\/p>\n<\/div>\n<h2>Umsatzsteuer-ID<\/h2>\n<div>\n<p>Umsatzsteuer-Identifikationsnummer gem\u00e4\u00df \u00a7 27 a Umsatzsteuergesetz: DE 811688966<\/p>\n<\/div>\n<h2>Verbraucherstreitbeilegung\/Universalschlichtungsstelle<\/h2>\n<div>\n<p>Wir sind nicht bereit oder verpflichtet, an Streitbeilegungsverfahren vor einer Verbraucherschlichtungsstelle teilzunehmen.<\/p>\n<\/div>\n<div>Impressum<\/div>\n<ul>\n<li>\n<p><a href=\"\/?page_id=262\">Impressum<\/a><\/p>\n<\/li>\n<li>\n<p><a href=\"\/?page_id=262\">Datenschutzerkl\u00e4rung<\/a><\/p>\n<\/li>\n<li>\n<p><a href=\"\/?page_id=262\">Cookie Einstellungen<\/a><\/p>\n<\/li>\n<li>\n<p><a href=\"\/?page_id=262\">Kontakt<\/a><\/p>\n<\/li>\n<\/ul>\n<p><!--more--><br \/>\n<!-- {\"type\":\"layout\",\"children\":[{\"type\":\"section\",\"props\":{\"image_position\":\"center-center\",\"style\":\"default\",\"title_breakpoint\":\"xl\",\"title_position\":\"top-left\",\"title_rotation\":\"left\",\"vertical_align\":\"\",\"width\":\"\"},\"children\":[{\"type\":\"row\",\"props\":{\"margin_bottom\":\"remove\",\"margin_top\":\"remove\"},\"children\":[{\"type\":\"column\",\"props\":{\"image_position\":\"center-center\",\"position_sticky_breakpoint\":\"m\"},\"children\":[{\"type\":\"image\",\"props\":{\"container_padding_remove\":false,\"css\":\".el-element { max-width:20vw; }\",\"height_viewport\":false,\"image\":\"wp-content\/uploads\/yootheme\/demo\/imprint.svg\",\"image_svg_color\":\"emphasis\",\"margin_bottom\":\"default\",\"margin_top\":\"default\",\"position\":\"absolute\",\"position_right\":\"0\",\"status\":\"disabled\",\"text_align\":\"right\",\"visibility\":\"m\"}}]}]},{\"type\":\"row\",\"children\":[{\"type\":\"column\",\"props\":{\"image_position\":\"center-center\",\"position_sticky_breakpoint\":\"m\",\"width_medium\":\"expand\"},\"children\":[{\"type\":\"headline\",\"props\":{\"content\":\"Impressum\",\"image_align\":\"left\",\"image_margin\":\"xsmall\",\"title_element\":\"h1\",\"title_style\":\"h2\"}},{\"type\":\"headline\",\"props\":{\"content\":\"The website is published<br class=\\\"uk-visible@s\\\">\\nby the municipality of Oakville\",\"image_align\":\"left\",\"image_margin\":\"xsmall\",\"status\":\"disabled\",\"title_element\":\"h2\",\"title_style\":\"h3\"}},{\"type\":\"fragment\",\"children\":[{\"type\":\"row\",\"props\":{\"layout\":\"1-3,2-3\",\"margin_bottom\":\"default\",\"margin_top\":\"default\"},\"children\":[{\"type\":\"column\",\"props\":{\"image_position\":\"center-center\",\"position_sticky_breakpoint\":\"m\",\"width_medium\":\"1-3\"},\"children\":[{\"type\":\"text\",\"props\":{\"column_breakpoint\":\"m\",\"content\":\"\n\n<p>westmann Engineering GmbH<br \/>Carl-Backhaus-Str. 21b<br \/>D-22926 Ahrensburg<br \/>Germany<\/p>\n\n\",\"margin_bottom\":\"default\",\"margin_top\":\"default\"}}]},{\"type\":\"column\",\"props\":{\"image_position\":\"center-center\",\"position_sticky_breakpoint\":\"m\",\"width_medium\":\"2-3\"},\"children\":[{\"type\":\"description_list\",\"props\":{\"column_breakpoint\":\"m\",\"content_style\":\"h5\",\"layout\":\"grid-2\",\"list_element\":\"ul\",\"list_size\":\"collapse\",\"meta_align\":\"below-content\",\"meta_style\":\"text-meta\",\"show_content\":true,\"show_link\":true,\"show_meta\":true,\"show_title\":true,\"title_colon\":true,\"title_element\":\"div\",\"title_grid_column_gap\":\"small\",\"title_grid_row_gap\":\"small\",\"title_grid_width\":\"auto\",\"title_style\":\"h5\"},\"children\":[{\"type\":\"description_list_item\",\"props\":{\"content\":\"\n\n<p><span>+49 (0) 4102 - 89101 - 0<\/span><\/p>\n\n\",\"link\":\"tel:++494102891010\",\"title\":\"Telefon\"}},{\"type\":\"description_list_item\",\"props\":{\"content\":\"\n\n<p><span>+49 (0) 4102 - 89101 - 99<\/span><\/p>\n\n\",\"link\":\"tel:+4941028910199\",\"title\":\"Fax\"}},{\"type\":\"description_list_item\",\"props\":{\"content\":\"\n\n<p>sales(AT)westmann.de<\/p>\n\n\",\"link\":\"mailto:sales@westmann.de\",\"title\":\"E-Mail\"}}]}]}]}],\"props\":{\"margin_bottom\":\"default\",\"margin_top\":\"default\"}},{\"type\":\"text\",\"props\":{\"column_breakpoint\":\"m\",\"content\":\"Lorem ipsum dolor sit amet, consetetur sadipscing elitr, sed diam nonumy eirmod tempor invidunt ut labore et dolore magna aliquyam erat, sed diam voluptua. At vero eos et accusam et justo duo dolores et ea rebum. Stet clita kasd gubergren, no sea takimata sanctus est\",\"margin_bottom\":\"\",\"margin_top\":\"\",\"status\":\"disabled\"}},{\"type\":\"headline\",\"props\":{\"content\":\"Vertreten durch\",\"image_align\":\"left\",\"image_margin\":\"xsmall\",\"margin_bottom\":\"remove\",\"margin_top\":\"medium\",\"title_element\":\"h2\",\"title_style\":\"h3\"}},{\"type\":\"fragment\",\"children\":[{\"type\":\"row\",\"props\":{\"layout\":\"2-3,1-3\",\"margin_bottom\":\"default\",\"margin_top\":\"default\"},\"children\":[{\"type\":\"column\",\"props\":{\"image_position\":\"center-center\",\"position_sticky_breakpoint\":\"m\",\"width_medium\":\"2-3\"},\"children\":[{\"type\":\"text\",\"props\":{\"column_breakpoint\":\"m\",\"content\":\"\n\n<p>Gesch\u00e4ftsf\u00fchrer: Knut M. Westmann, Andreas Bott<\/p>\n\n\",\"margin_bottom\":\"default\",\"margin_top\":\"default\"}}]},{\"type\":\"column\",\"props\":{\"image_position\":\"center-center\",\"position_sticky_breakpoint\":\"m\",\"width_medium\":\"1-3\"}}]}],\"props\":{\"margin_bottom\":\"default\",\"margin_top\":\"default\"}},{\"type\":\"headline\",\"props\":{\"content\":\"Umsatzsteuer-ID\",\"image_align\":\"left\",\"image_margin\":\"xsmall\",\"margin_bottom\":\"remove\",\"margin_top\":\"medium\",\"title_element\":\"h2\",\"title_style\":\"h3\"}},{\"type\":\"text\",\"props\":{\"column_breakpoint\":\"m\",\"content\":\"\n\n<p>Umsatzsteuer-Identifikationsnummer gem\u00e4\u00df \u00a7 27 a Umsatzsteuergesetz: DE 811688966<\/p>\n\n\",\"margin_bottom\":\"default\",\"margin_top\":\"default\"}},{\"type\":\"headline\",\"props\":{\"content\":\"Verbraucherstreitbeilegung\/Universalschlichtungsstelle\",\"image_align\":\"left\",\"image_margin\":\"xsmall\",\"margin_bottom\":\"remove\",\"margin_top\":\"medium\",\"title_element\":\"h2\",\"title_style\":\"h3\"}},{\"type\":\"text\",\"props\":{\"column_breakpoint\":\"m\",\"content\":\"\n\n<p>Wir sind nicht bereit oder verpflichtet, an Streitbeilegungsverfahren vor einer Verbraucherschlichtungsstelle teilzunehmen.<\/p>\n\n\",\"margin_bottom\":\"default\",\"margin_top\":\"default\"}},{\"type\":\"headline\",\"props\":{\"content\":\"Copyright Notice\",\"image_align\":\"left\",\"image_margin\":\"xsmall\",\"margin_bottom\":\"remove\",\"margin_top\":\"medium\",\"status\":\"disabled\",\"title_element\":\"h2\",\"title_style\":\"h3\"}},{\"type\":\"text\",\"props\":{\"column_breakpoint\":\"m\",\"content\":\"\n\n<p>Lorem ipsum dolor sit amet, consetetur sadipscing elitr, sed diam nonumy eirmod tempor invidunt ut labore et dolore magna aliquyam erat, sed diam voluptua. At vero eos et accusam et justo duo dolores et ea rebum. Stet clita kasd gubergren, no sea takimata sanctus est Lorem ipsum dolor sit amet. Lorem ipsum dolor sit amet, consetetur sadipscing elitr, sed diam nonumy eirmod tempor invidunt ut labore et dolore magna aliquyam erat, sed diam voluptua. At vero eos et accusam et justo duo dolores et ea rebum. Stet clita kasd gubergren, no sea takimata sanctus est. Lorem ipsum dolor sit amet.<\/p>\n\n\\n\n\n<p>At vero eos et accusam et justo duo dolores et ea rebum. Stet clita kasd gubergren, no sea takimata sanctus est. Lorem ipsum dolor sit amet. Lorem ipsum dolor sit amet, consetetur sadipscing elitr, sed diam nonumy eirmod tempor invidunt ut labore et dolore magna aliquyam erat sed diam voluptua.<\/p>\n\n\",\"margin_bottom\":\"default\",\"margin_top\":\"default\",\"status\":\"disabled\"}}]},{\"type\":\"column\",\"props\":{\"image_position\":\"center-center\",\"position_sticky_breakpoint\":\"s\",\"position_sticky_offset\":\"100\",\"width_medium\":\"1-4\",\"width_small\":\"2-5\"}},{\"type\":\"column\",\"props\":{\"image_position\":\"center-center\",\"order_first\":\"xs\",\"position_sticky\":\"row\",\"position_sticky_breakpoint\":\"m\",\"position_sticky_offset\":\"100\",\"width_medium\":\"1-5\"},\"children\":[{\"type\":\"headline\",\"props\":{\"content\":\"Impressum\",\"image_align\":\"left\",\"image_margin\":\"xsmall\",\"title_decoration\":\"bullet\",\"title_element\":\"div\",\"title_style\":\"h4\",\"visibility\":\"m\"}},{\"type\":\"nav\",\"props\":{\"grid\":\"1\",\"image_vertical_align\":true,\"nav_style\":\"default\",\"show_image\":true,\"show_meta\":true,\"visibility\":\"m\"},\"children\":[{\"type\":\"nav_item\",\"props\":{\"content\":\"Impressum\",\"link\":\"?page_id=262\"}},{\"type\":\"nav_item\",\"props\":{\"content\":\"Datenschutzerkl\u00e4rung\",\"link\":\"?page_id=262\"}},{\"type\":\"nav_item\",\"props\":{\"content\":\"Cookie Einstellungen\",\"link\":\"?page_id=262\"}},{\"type\":\"nav_item\",\"props\":{\"content\":\"Accessibility\",\"link\":\"?page_id=262\",\"status\":\"disabled\"}},{\"type\":\"nav_item\",\"props\":{\"content\":\"Kontakt\",\"link\":\"?page_id=262\"}},{\"type\":\"nav_item\",\"props\":{\"content\":\"Sign In\",\"link\":\"?page_id=1\",\"status\":\"disabled\"}}]}]}],\"props\":{\"column_gap\":\"large\",\"layout\":\"1-2,1-4,1-4|1-1,1-2,1-2\",\"parallax\":false,\"width\":\"xlarge\"}}],\"name\":\"Imprint\"}],\"version\":\"5.0.14\"} --><\/p>\n","protected":false},"excerpt":{"rendered":"<p>Impressum westmann Engineering GmbHCarl-Backhaus-Str. 21bD-22926 AhrensburgGermany Telefon +49 (0) 4102 &#8211; 89101 &#8211; 0 Fax +49 (0) 4102 &#8211; 89101 &#8211; 99 E-Mail sales(AT)westmann.de Vertreten durch Gesch\u00e4ftsf\u00fchrer: Knut M. Westmann, Andreas Bott Umsatzsteuer-ID Umsatzsteuer-Identifikationsnummer gem\u00e4\u00df \u00a7 27 a Umsatzsteuergesetz: DE 811688966 Verbraucherstreitbeilegung\/Universalschlichtungsstelle Wir sind nicht bereit oder verpflichtet, an Streitbeilegungsverfahren vor einer Verbraucherschlichtungsstelle teilzunehmen. Impressum [&hellip;]<\/p>\n","protected":false},"author":1,"featured_media":0,"parent":0,"menu_order":2,"comment_status":"closed","ping_status":"closed","template":"","meta":{"_acf_changed":false,"footnotes":""},"class_list":["post-262","page","type-page","status-publish","hentry"],"acf":[],"_links":{"self":[{"href":"https:\/\/westmann.de-elastic-bhabha.85-214-136-21.plesk.page\/index.php?rest_route=\/wp\/v2\/pages\/262","targetHints":{"allow":["GET"]}}],"collection":[{"href":"https:\/\/westmann.de-elastic-bhabha.85-214-136-21.plesk.page\/index.php?rest_route=\/wp\/v2\/pages"}],"about":[{"href":"https:\/\/westmann.de-elastic-bhabha.85-214-136-21.plesk.page\/index.php?rest_route=\/wp\/v2\/types\/page"}],"author":[{"embeddable":true,"href":"https:\/\/westmann.de-elastic-bhabha.85-214-136-21.plesk.page\/index.php?rest_route=\/wp\/v2\/users\/1"}],"replies":[{"embeddable":true,"href":"https:\/\/westmann.de-elastic-bhabha.85-214-136-21.plesk.page\/index.php?rest_route=%2Fwp%2Fv2%2Fcomments&post=262"}],"version-history":[{"count":16,"href":"https:\/\/westmann.de-elastic-bhabha.85-214-136-21.plesk.page\/index.php?rest_route=\/wp\/v2\/pages\/262\/revisions"}],"predecessor-version":[{"id":3091,"href":"https:\/\/westmann.de-elastic-bhabha.85-214-136-21.plesk.page\/index.php?rest_route=\/wp\/v2\/pages\/262\/revisions\/3091"}],"wp:attachment":[{"href":"https:\/\/westmann.de-elastic-bhabha.85-214-136-21.plesk.page\/index.php?rest_route=%2Fwp%2Fv2%2Fmedia&parent=262"}],"curies":[{"name":"wp","href":"https:\/\/api.w.org\/{rel}","templated":true}]}}